{"id":575,"date":"2023-12-14T01:37:59","date_gmt":"2023-12-14T01:37:59","guid":{"rendered":"https:\/\/budzpetproducts.com\/privacy-policy\/"},"modified":"2023-12-14T01:56:35","modified_gmt":"2023-12-14T01:56:35","slug":"politique-de-confidentialite","status":"publish","type":"page","link":"https:\/\/budzpetproducts.com\/fr\/politique-de-confidentialite\/","title":{"rendered":"Politique de confidentialit\u00e9"},"content":{"rendered":"\n<p><a href=\"https:\/\/budzpetproducts.com\">Retour \u00e0 l\u2019accueil<\/a><\/p>\n\n\n\n<h2 class=\"wp-block-heading\">Le but de cette politique de confidentialit\u00e9<\/h2>\n\n\n\n<p id=\"C3BVQOY\">Le but de cette politique de confidentialit\u00e9 est d\u2019informer les utilisateurs de notre site des donn\u00e9es personnelles que nous recueillerons ainsi que les informations suivantes, le cas \u00e9ch\u00e9ant :<\/p>\n\n\n\n<ul class=\"wp-block-list\"><li>Les donn\u00e9es personnelles que nous recueillerons<\/li><li>L\u2019utilisation des donn\u00e9es recueillies<\/li><li>Qui a acc\u00e8s aux donn\u00e9es recueillies<\/li><li>Les droits des utilisateurs du site<\/li><li>La politique de cookies du site<\/li><\/ul>\n\n\n\n<p>Cette politique de confidentialit\u00e9 fonctionne parall\u00e8lement aux conditions g\u00e9n\u00e9rales d\u2019utilisation de notre site.<\/p>\n\n\n\n<h2 class=\"wp-block-heading\">Lois applicables<\/h2>\n\n\n\n<p id=\"DG464L5\">Cette politique est conforme aux lois \u00e9nonc\u00e9es dans la loi sur la protection des renseignements personnels et les documents \u00e9lectroniques (LPRPDE).<\/p>\n\n\n\n<p><a href=\"https:\/\/laws-lois.justice.gc.ca\/fra\/Lois\/P-8.6\/index.html\">Loi sur la protection des renseignements personnels et les documents \u00e9lectroniques<\/a><\/p>\n\n\n\n<h2 class=\"wp-block-heading\">Consentement<\/h2>\n\n\n\n<p>Les utilisateurs conviennent qu\u2019en utilisant notre site, ils consentent \u00e0 :<\/p>\n\n\n\n<ul class=\"wp-block-list\"><li>Les conditions \u00e9nonc\u00e9es dans la pr\u00e9sente politique de confidentialit\u00e9 et<\/li><li>La collecte, l\u2019utilisation et la conservation des donn\u00e9es \u00e9num\u00e9r\u00e9es dans la pr\u00e9sente politique.<\/li><\/ul>\n\n\n\n<h2 class=\"wp-block-heading\">Donn\u00e9es personnelles que nous collectons<\/h2>\n\n\n\n<h3 class=\"wp-block-heading\">Donn\u00e9es collect\u00e9es automatiquement<\/h3>\n\n\n\n<ul class=\"wp-block-list\"><li>Adresse IP publique<\/li><li>Type de navigateur<\/li><\/ul>\n\n\n\n<h3 class=\"wp-block-heading\">Donn\u00e9es recueillies de fa\u00e7on non automatique<\/h3>\n\n\n\n<p>Nous pouvons \u00e9galement collecter les donn\u00e9es suivantes lorsque vous effectuez certaines fonctions sur notre site :<\/p>\n\n\n\n<ul class=\"wp-block-list\"><li>Pr\u00e9nom et nom<\/li><li>Courriel<\/li><li>Num\u00e9ro de t\u00e9l\u00e9phone<\/li><li>Nom de compagnie<\/li><li>Toutes autres donn\u00e9es fournis dans les formulaires<\/li><\/ul>\n\n\n\n<p>Ces donn\u00e9es peuvent \u00eatre recueillies au moyen des m\u00e9thodes suivantes :<\/p>\n\n\n\n<ul class=\"wp-block-list\"><li>Outils SEO<\/li><li>Cookies<\/li><li>Logs et Fichiers Journaux<\/li><\/ul>\n\n\n\n<p>Veuillez noter que nous ne collectons que les donn\u00e9es qui nous aident \u00e0 atteindre l\u2019objectif \u00e9nonc\u00e9 dans cette politique de confidentialit\u00e9. Nous ne recueillerons pas de donn\u00e9es suppl\u00e9mentaires sans vous en informer au pr\u00e9alable.<\/p>\n\n\n\n<h2 class=\"wp-block-heading\">Comment nous utilisons les donn\u00e9es personnelles<\/h2>\n\n\n\n<p>Les donn\u00e9es personnelles recueillies sur notre site seront utilis\u00e9es uniquement aux fins pr\u00e9cis\u00e9es dans la pr\u00e9sente politique ou indiqu\u00e9es sur les pages pertinentes de notre site. Nous n\u2019utiliserons pas vos donn\u00e9es au-del\u00e0 de ce que nous divulguerons.<br>Les donn\u00e9es que nous recueillons lorsque l\u2019utilisateur ex\u00e9cute certaines fonctions peuvent \u00eatre utilis\u00e9es aux fins suivantes :<\/p>\n\n\n\n<ul class=\"wp-block-list\"><li>Formulaire de Contact : Pour r\u00e9pondre aux demandes, questions ou commentaires des visiteurs.<\/li><li>Outils SEO : Pour analyser le trafic du site, comprendre le comportement des visiteurs et optimiser le contenu.<\/li><li>Cookies : Pour personnaliser l\u2019exp\u00e9rience utilisateur, m\u00e9moriser les pr\u00e9f\u00e9rences et faciliter la navigation sur le site.<\/li><li>Logs et Fichiers Journaux : Pour surveiller et maintenir la performance du site, ainsi que pour des raisons de s\u00e9curit\u00e9 et de conformit\u00e9.<\/li><\/ul>\n\n\n\n<h2 class=\"wp-block-heading\">Avec qui nous partageons les donn\u00e9es personnelles<\/h2>\n\n\n\n<h3 class=\"wp-block-heading\" id=\"OULPIGM\">Employ\u00e9s<\/h3>\n\n\n\n<p>Nous pouvons divulguer \u00e0 tout membre de notre organisation les donn\u00e9es utilisateur dont il a raisonnablement besoin pour r\u00e9aliser les objectifs \u00e9nonc\u00e9s dans la pr\u00e9sente politique.<\/p>\n\n\n\n<h3 class=\"wp-block-heading\">Fournisseurs et partenaires<\/h3>\n\n\n\n<p>Nous pouvons divulguer \u00e0 certains de nos partenaires et fournisseurs certaines donn\u00e9es personnelles pour le bon fonctionnement de leurs syst\u00e8mes.<\/p>\n\n\n\n<ul class=\"wp-block-list\"><li>Fournisseurs web<\/li><\/ul>\n\n\n\n<h3 class=\"wp-block-heading\">Autres divulgations<\/h3>\n\n\n\n<p>Nous nous engageons \u00e0 ne pas vendre ou partager vos donn\u00e9es avec des tiers, sauf dans les cas suivants :<\/p>\n\n\n\n<ul class=\"wp-block-list\"><li>Si la loi l\u2019exige<\/li><li>Si elle est requise pour toute proc\u00e9dure judiciaire<\/li><li>Pour prouver ou prot\u00e9ger nos droits l\u00e9gaux<\/li><\/ul>\n\n\n\n<p>Si vous suivez des hyperliens de notre site vers un autre site, veuillez noter que nous ne sommes pas responsables et n\u2019avons pas de contr\u00f4le sur leurs politiques et pratiques de confidentialit\u00e9.<\/p>\n\n\n\n<h2 class=\"wp-block-heading\">Combien de temps nous stockons les donn\u00e9es personnelles<\/h2>\n\n\n\n<p>Nous ne conservons pas les donn\u00e9es des utilisateurs au-del\u00e0 de ce qui est n\u00e9cessaire pour atteindre les fins pour lesquelles elles sont recueillies.<\/p>\n\n\n\n<h2 class=\"wp-block-heading\">Comment nous prot\u00e9geons vos donn\u00e9es personnelles<\/h2>\n\n\n\n<p id=\"AY527OV\">Afin d\u2019assurer la protection de votre s\u00e9curit\u00e9, nous utilisons le protocole de s\u00e9curit\u00e9 de la couche transport pour transmettre des renseignements personnels dans notre syst\u00e8me.<\/p>\n\n\n\n<p>Toutes les donn\u00e9es stock\u00e9es dans notre syst\u00e8me sont bien s\u00e9curis\u00e9es et ne sont accessibles qu\u2019\u00e0 nos employ\u00e9s. Nos employ\u00e9s sont li\u00e9s par des accords de confidentialit\u00e9 stricts et une violation de cet accord entra\u00eenerait le licenciement de l\u2019employ\u00e9.<\/p>\n\n\n\n<p>Alors que nous prenons toutes les pr\u00e9cautions raisonnables pour nous assurer que nos donn\u00e9es d\u2019utilisateur sont s\u00e9curis\u00e9es et que les utilisateurs sont prot\u00e9g\u00e9s, il reste toujours du risque de pr\u00e9judice. L\u2019Internet en sa totalit\u00e9 peut \u00eatre, parfois, peu s\u00fbr et donc nous sommes incapables de garantir la s\u00e9curit\u00e9 des donn\u00e9es des utilisateurs au-del\u00e0 de ce qui est raisonnablement pratique.<\/p>\n\n\n\n<h2 class=\"wp-block-heading\">Vos droits en tant qu\u2019utilisateur<\/h2>\n\n\n\n<p>En tant qu\u2019utilisateur, vous avez le droit d\u2019acc\u00e9der \u00e0 toutes vos donn\u00e9es personnelles que nous avons collect\u00e9es. En outre, vous avez le droit de mettre \u00e0 jour ou de corriger toute donn\u00e9e personnelle en notre possession \u00e0 condition qu\u2019elle soit acceptable en vertu de la loi.<\/p>\n\n\n\n<p>Vous pouvez choisir de supprimer ou de modifier votre consentement \u00e0 la collecte et \u00e0 l\u2019utilisation des donn\u00e9es en tout temps, pourvu qu\u2019il soit l\u00e9galement acceptable de le faire et que vous nous en ayez inform\u00e9 dans un d\u00e9lai raisonnable.<\/p>\n\n\n\n<h2 class=\"wp-block-heading\">Comment modifier, supprimer ou contester les donn\u00e9es recueillies<\/h2>\n\n\n\n<p id=\"BCEC598\">Si vous souhaitez que vos renseignements soient supprim\u00e9s ou modifi\u00e9s d\u2019une fa\u00e7on ou d\u2019une autre, veuillez communiquer avec nous.<\/p>\n\n\n\n<h2 class=\"wp-block-heading\">Modifications<\/h2>\n\n\n\n<p>Cette politique de confidentialit\u00e9 peut \u00eatre modifi\u00e9e \u00e0 l\u2019occasion afin de maintenir la conformit\u00e9 avec la loi et de tenir compte de tout changement \u00e0 notre processus de collecte de donn\u00e9es. Nous recommandons \u00e0 nos utilisateurs de v\u00e9rifier notre politique de temps \u00e0 autre pour s\u2019assurer qu\u2019ils soient inform\u00e9s de toute mise \u00e0 jour. Au besoin, nous pouvons informer les utilisateurs par courriel des changements apport\u00e9s \u00e0 cette politique.<\/p>\n\n\n\n<h2 class=\"wp-block-heading\">Contact<\/h2>\n\n\n\n<p>Pour toute question li\u00e9e \u00e0 la protection de vos renseignements personnels ou pour exercer vos droits \u00e0 cet \u00e9gard, n\u2019h\u00e9sitez pas \u00e0 contacter notre Responsable de la Protection des Renseignements Personnels aux coordonn\u00e9es ci-dessous :<\/p>\n\n\n\n<p>Adresse : 300 rang des \u00e9cossais, sainte-brigide-d\u2019iberville, QC J0J 1X0<\/p>\n\n\n\n<p id=\"MK1TFM2\">Email:&nbsp;<a href=\"mailto:info@gblpetbrands.com\">info@gblpetbrands.com<\/a><\/p>\n\n\n\n<p>Date d\u2019entr\u00e9e en vigueur : le 25 septembre 2023<\/p>\n\n\n\n<p><a href=\"https:\/\/budzpetproducts.com\">Retour \u00e0 l\u2019accueil<\/a><\/p>\n","protected":false},"excerpt":{"rendered":"<p>Retour \u00e0 l\u2019accueil Le but de cette politique de confidentialit\u00e9 Le but de cette politique de confidentialit\u00e9 est d\u2019informer les&#8230;<\/p>\n","protected":false},"author":2,"featured_media":0,"parent":0,"menu_order":0,"comment_status":"closed","ping_status":"closed","template":"","meta":{"_acf_changed":false,"footnotes":""},"class_list":["post-575","page","type-page","status-publish","hentry"],"acf":[],"_links":{"self":[{"href":"https:\/\/budzpetproducts.com\/fr\/wp-json\/wp\/v2\/pages\/575","targetHints":{"allow":["GET"]}}],"collection":[{"href":"https:\/\/budzpetproducts.com\/fr\/wp-json\/wp\/v2\/pages"}],"about":[{"href":"https:\/\/budzpetproducts.com\/fr\/wp-json\/wp\/v2\/types\/page"}],"author":[{"embeddable":true,"href":"https:\/\/budzpetproducts.com\/fr\/wp-json\/wp\/v2\/users\/2"}],"replies":[{"embeddable":true,"href":"https:\/\/budzpetproducts.com\/fr\/wp-json\/wp\/v2\/comments?post=575"}],"version-history":[{"count":2,"href":"https:\/\/budzpetproducts.com\/fr\/wp-json\/wp\/v2\/pages\/575\/revisions"}],"predecessor-version":[{"id":577,"href":"https:\/\/budzpetproducts.com\/fr\/wp-json\/wp\/v2\/pages\/575\/revisions\/577"}],"wp:attachment":[{"href":"https:\/\/budzpetproducts.com\/fr\/wp-json\/wp\/v2\/media?parent=575"}],"curies":[{"name":"wp","href":"https:\/\/api.w.org\/{rel}","templated":true}]}}